{"id":5,"date":"2023-05-22T17:15:47","date_gmt":"2023-05-22T17:15:47","guid":{"rendered":"https:\/\/www.office.hsk880.com\/?page_id=5"},"modified":"2025-04-18T01:45:37","modified_gmt":"2025-04-18T01:45:37","slug":"about","status":"publish","type":"page","link":"https:\/\/www.office.hsk880.com\/index.php\/about\/","title":{"rendered":""},"content":{"rendered":"\n<h1 class=\"wp-block-heading\">OFFICE 880?<\/h1>\n\n\n\n<center><figure class=\"wp-block-image size-full\"><img loading=\"lazy\" decoding=\"async\" width=\"500\" height=\"419\" src=\"https:\/\/www.office.hsk880.com\/wp-content\/uploads\/2025\/04\/image002-1.jpg\" alt=\"\" class=\"wp-image-1002\" srcset=\"https:\/\/www.office.hsk880.com\/wp-content\/uploads\/2025\/04\/image002-1.jpg 500w, https:\/\/www.office.hsk880.com\/wp-content\/uploads\/2025\/04\/image002-1-300x251.jpg 300w\" sizes=\"auto, (max-width: 500px) 100vw, 500px\" \/><\/figure><\/center>\n\n\n\n<p><em>Office<\/em> <em>eight-eight-zero? office ochocientos ochenta? office \ud314\ud314\uacf5? <em>office eight-hundred eighty?<\/em><\/em> <em>office otto\u00adcent\u00adottanta<\/em>? <em>office \u516b\u767e\u516b\u5341?<\/em>  <em>office<\/em> <em>t\u00e1m tr\u0103m t\u00e1m m\u01b0\u01a1i<\/em>? o<em>ffice<\/em> <em>eight-eight-oh?<\/em><\/p>\n\n\n\n<p>These are all valid names you can call us by. Just as there are various ways to call our office, we believe that a well-designed space should be capable of welcoming a diverse group of occupants and experiences. We value diversity and strive to implement new ideas, culture, and perspectives in all of our projects. <\/p>\n\n\n\n<p><\/p>\n\n\n\n<p>For the record, we like to call our office &#8220;<em><strong>Office eight-eighty<\/strong><\/em>.&#8221; <br><br><\/p>\n\n\n\n<h1 class=\"wp-block-heading\"><br>ABOUT THE OFFICE<\/h1>\n\n\n\n<p><strong>OFFICE 880<\/strong> was founded in 2023 by Hyung Kim, a registered architect, with the goal of completing <strong>880 <\/strong>projects on the path to becoming a thriving architecture office. As a young office, we are driven by passion, ambition and curiosity.<\/p>\n\n\n\n<p class=\"has-text-align-center\"><center><img loading=\"lazy\" decoding=\"async\" width=\"2000\" height=\"2000\" class=\"wp-image-990\" style=\"width: 90%; height:90%;\" src=\"https:\/\/www.office.hsk880.com\/wp-content\/uploads\/2025\/04\/image001.jpg\" alt=\"880 Iterations\" srcset=\"https:\/\/www.office.hsk880.com\/wp-content\/uploads\/2025\/04\/image001.jpg 2000w, https:\/\/www.office.hsk880.com\/wp-content\/uploads\/2025\/04\/image001-300x300.jpg 300w, https:\/\/www.office.hsk880.com\/wp-content\/uploads\/2025\/04\/image001-1024x1024.jpg 1024w, https:\/\/www.office.hsk880.com\/wp-content\/uploads\/2025\/04\/image001-150x150.jpg 150w, https:\/\/www.office.hsk880.com\/wp-content\/uploads\/2025\/04\/image001-768x768.jpg 768w, https:\/\/www.office.hsk880.com\/wp-content\/uploads\/2025\/04\/image001-1536x1536.jpg 1536w, https:\/\/www.office.hsk880.com\/wp-content\/uploads\/2025\/04\/image001-650x650.jpg 650w, https:\/\/www.office.hsk880.com\/wp-content\/uploads\/2025\/04\/image001-1300x1300.jpg 1300w\" sizes=\"auto, (max-width: 2000px) 100vw, 2000px\" \/><\/center><\/p>\n\n\n\n<h2 class=\"wp-block-heading\">&#8220;Our office is about exploring 880 different ways to satisfy our clients&#8217; needs.&#8221;<\/h2>\n\n\n\n<h5 class=\"wp-block-heading has-text-align-right\"><em>&#8211; Hyung Kim, Founding Architect<\/em> &#8211;<\/h5>\n\n\n\n<p>Based in the metro Atlanta area, our office has designed and developed numerous local projects that have enriched our community by designing efficient spaces for small businesses. Additionally, we have collaborated with other architectural firms on larger-scale projects, particularly industrial projects in various states. Regardless of the project&#8217;s size, we always bring our full range of tools and skill sets to every project we work on.<br><br><\/p>\n\n\n\n<h1 class=\"wp-block-heading\"><br>WHAT WE DO<\/h1>\n\n\n\n<p><strong>OFFICE 880 is <span style=\"text-decoration: underline;\">an architectural design office dedicated to transforming undesirable spaces into attractive gathering places for people and businesses<\/span><\/strong>. We focus on small to medium scale commercial retail projects, implementing effective design methodologies and modern aesthetics.<\/p>\n\n\n\n<p>We guide our clients during the early stages of construction projects to establish firm foundations that ensure their success in project completion. From initial concept development and design to the permitting process, we offer comprehensive professional services and attentive, responsive care. Please visit <a href=\"https:\/\/www.office.hsk880.com\/index.php\/services\/\" data-type=\"URL\" data-id=\"https:\/\/www.office.hsk880.com\/index.php\/services\/\"><strong><span style=\"text-decoration: underline;\">SERVICES<\/span><\/strong><\/a> page to see the complete list of services we offer.<br><br><\/p>\n\n\n\n<p><\/p>\n","protected":false},"excerpt":{"rendered":"<p>OFFICE 880? Office eight-eight-zero? office ochocientos ochenta? office \ud314\ud314\uacf5? office eight-hundred eighty? office otto\u00adcent\u00adottanta? office \u516b\u767e\u516b\u5341? office t\u00e1m tr\u0103m t\u00e1m m\u01b0\u01a1i? office eight-eight-oh? These are all valid names you can call us by. Just as there are various ways to call our office, we believe that a well-designed space should be capable of welcoming a [&hellip;]<\/p>\n","protected":false},"author":2,"featured_media":0,"parent":0,"menu_order":0,"comment_status":"closed","ping_status":"closed","template":"","meta":{"footnotes":""},"class_list":["post-5","page","type-page","status-publish","hentry"],"_links":{"self":[{"href":"https:\/\/www.office.hsk880.com\/index.php\/wp-json\/wp\/v2\/pages\/5","targetHints":{"allow":["GET"]}}],"collection":[{"href":"https:\/\/www.office.hsk880.com\/index.php\/wp-json\/wp\/v2\/pages"}],"about":[{"href":"https:\/\/www.office.hsk880.com\/index.php\/wp-json\/wp\/v2\/types\/page"}],"author":[{"embeddable":true,"href":"https:\/\/www.office.hsk880.com\/index.php\/wp-json\/wp\/v2\/users\/2"}],"replies":[{"embeddable":true,"href":"https:\/\/www.office.hsk880.com\/index.php\/wp-json\/wp\/v2\/comments?post=5"}],"version-history":[{"count":9,"href":"https:\/\/www.office.hsk880.com\/index.php\/wp-json\/wp\/v2\/pages\/5\/revisions"}],"predecessor-version":[{"id":1017,"href":"https:\/\/www.office.hsk880.com\/index.php\/wp-json\/wp\/v2\/pages\/5\/revisions\/1017"}],"wp:attachment":[{"href":"https:\/\/www.office.hsk880.com\/index.php\/wp-json\/wp\/v2\/media?parent=5"}],"curies":[{"name":"wp","href":"https:\/\/api.w.org\/{rel}","templated":true}]}}